{"id":4457,"date":"2024-10-17T22:02:54","date_gmt":"2024-10-17T22:02:54","guid":{"rendered":"https:\/\/info.jobfarm.it\/?page_id=4457"},"modified":"2024-10-17T22:05:39","modified_gmt":"2024-10-17T22:05:39","slug":"privacy-policy-2","status":"publish","type":"page","link":"https:\/\/news.jobfarm.it\/index.php\/privacy-policy-2\/","title":{"rendered":"Privacy Policy"},"content":{"rendered":"\t\t<div data-elementor-type=\"wp-page\" data-elementor-id=\"4457\" class=\"elementor elementor-4457\" data-elementor-post-type=\"page\">\n\t\t\t\t\t\t<section class=\"elementor-section elementor-top-section elementor-element elementor-element-256b6622 elementor-section-boxed elementor-section-height-default elementor-section-height-default\" data-id=\"256b6622\" data-element_type=\"section\">\n\t\t\t\t\t\t<div class=\"elementor-container elementor-column-gap-default\">\n\t\t\t\t\t<div class=\"elementor-column elementor-col-100 elementor-top-column elementor-element elementor-element-3673e5e\" data-id=\"3673e5e\" data-element_type=\"column\">\n\t\t\t<div class=\"elementor-widget-wrap elementor-element-populated\">\n\t\t\t\t\t\t<div class=\"elementor-element elementor-element-10f08ff0 elementor-widget elementor-widget-text-editor\" data-id=\"10f08ff0\" data-element_type=\"widget\" data-widget_type=\"text-editor.default\">\n\t\t\t\t<div class=\"elementor-widget-container\">\n\t\t\t\t\t\t\t\t\t<div class=\"elementor-element elementor-element-fef1c2b elementor-widget elementor-widget-heading\" data-id=\"fef1c2b\" data-element_type=\"widget\" data-widget_type=\"heading.default\"><div class=\"elementor-widget-container\"><p class=\"p1\"><span class=\"s1\"><b>Informativa ex art. 13 del Regolamento europeo n. 16\/679 <\/b><\/span><\/p><p class=\"p3\"><span class=\"s2\">ACTL e Recruit Srl (di seguito le Societ\u00e0), in qualit\u00e0 di Contitolari del trattamento dei dati personali, con sede in Via Duccio Di Boninsegna, 21 Milano, e Via Alvise Cadamosto 7, Milano, <\/span><span class=\"s3\">tramite i siti\u00a0<a href=\"http:\/\/www.actl.it\/\"><span class=\"s4\">www.actl.it<\/span><\/a>, <a href=\"http:\/\/www.sportellostage.it\/\"><span class=\"s4\">www.sportellostage.it<\/span><\/a>\u00a0,\u00a0<a href=\"http:\/\/www.recru.it\/\"><span class=\"s4\">www.recru.it<\/span><\/a> e <a href=\"http:\/\/www.jobfarm.it\/\"><span class=\"s4\">www.jobfarm.it<\/span><\/a><\/span><span class=\"s4\">,<\/span><span class=\"s3\"> hanno come obiettivo la tutela della privacy dei propri utenti e si impegnano affinch\u00e9 il trattamento dei dati personali si svolga secondo principi di correttezza, liceit\u00e0, trasparenza e nel rispetto dei diritti, delle libert\u00e0 fondamentali nonch\u00e9 della dignit\u00e0 delle persone, con particolare riferimento alla riservatezza e all\u2019identit\u00e0 personale. <\/span><\/p><p class=\"p3\"><span class=\"s3\">Nel prestare i nostri servizi, entriamo necessariamente in possesso di informazioni e dati personali: intendiamo, perci\u00f2, qui di seguito, illustrare <\/span><span class=\"s1\">un\u2019adeguata informativa alle <\/span><span class=\"s5\">persone fisiche<\/span><span class=\"s1\"> che operano in nome e per conto dei fornitori, dei clienti, dei partner e di altri soggetti coinvolti in attivit\u00e0 contrattuali o pre-contrattuali<span class=\"Apple-converted-space\">\u00a0 <\/span>delle Societ\u00e0, ai sensi dell\u2019art. 13 GDPR 679\/16 \u2013 \u201cRegolamento europeo sulla protezione dei dati personali\u201d.<\/span><\/p><p class=\"p3\"><span class=\"s1\">Si precisa, sin da subito, che, in ogni momento, potr\u00e0 essere richiesta la modifica o la cancellazione dei dati inseriti scrivendo alla e-mail\u00a0<a href=\"mailto:info@sportellostage.it\"><span class=\"s6\">info@sportellostage.it<\/span><\/a> e <a href=\"mailto:info@recru.it\"><span class=\"s6\">info@recru.it<\/span><\/a>\u00a0<\/span><\/p><p class=\"p3\"><span class=\"s1\"><b>1.Che dati trattiamo:<\/b><\/span><\/p><p class=\"p3\"><span class=\"s1\">I dati personali trattati sono dati anagrafici e di contatto, forniti o ricevuti dall\u2019interessato in occasione di:<\/span><\/p><ul class=\"ul1\"><li class=\"li3\"><span class=\"s1\">Iscrizione al portale job on cloud all\u2019interno dei siti sopra citati; <\/span><\/li><li class=\"li3\"><span class=\"s1\">Telefonate o email;<\/span><\/li><li class=\"li3\"><span class=\"s1\">Contatti diretti ottenuti a seguito della partecipazione ad eventi, ecc.;<\/span><\/li><li class=\"li3\"><span class=\"s1\">Contatti diretti a seguito dell\u2019invio di richieste tramite l\u2019indirizzo di posta elettronica presente sui siti internet; <\/span><\/li><li class=\"li3\"><span class=\"s1\">Richieste di informazioni commerciali;<\/span><\/li><li class=\"li3\"><span class=\"s1\">Richieste tramite i siti internet sopra citati o tramite il sito internet di fornitori, clienti, partner e altri soggetti;<\/span><\/li><li class=\"li3\"><span class=\"s1\">Trasmissioni e transazioni successive all\u2019ordine di fornitura del servizio o del bene (fornito\/acquistato);<\/span><\/li><li class=\"li3\"><span class=\"s1\">Inviti ad eventi relativi ad iniziative commerciali, fiere, eventi, ecc;<\/span><\/li><li class=\"li3\"><span class=\"s1\">Acquisizione dei dato da terzi come disciplinato dall\u2019art 14 del GDPR 679\/16<\/span><\/li><\/ul><p><span class=\"s1\"><b>2.Per quali finalit\u00e0:<\/b><\/span><\/p><p class=\"p3\"><span class=\"s1\">I dati personali delle persone fisiche che operano in nome e per conto dei fornitori, dei clienti, dei partner e di altri soggetti sono trattati per:<\/span><\/p><ul class=\"ul1\"><li class=\"li3\"><span class=\"s1\">Offrire i servizi indicati nei siti e meglio specificati nel contratto che viene stipulato tra le parti; <\/span><\/li><li class=\"li3\"><span class=\"s1\">Mettere in contatto domanda e offerta di stage, domanda e offerta di lavoro;<\/span><\/li><li class=\"li3\"><span class=\"s1\">Erogare servizi di formazione:<\/span><\/li><li class=\"li3\"><span class=\"s1\">Inoltrare comunicazioni con diversi mezzi di comunicazione (telefono, sms, email, fax, posta cartacea, ecc.);<\/span><\/li><li class=\"li3\"><span class=\"s1\">Formulare richieste o evadere richieste pervenute;<\/span><\/li><li class=\"li3\"><span class=\"s1\">Scambiare informazioni finalizzate all\u2019esecuzione del rapporto contrattuale, ivi comprese le attivit\u00e0 pre e post contrattuali, tra cui anche quelle di assistenza; <\/span><\/li><li class=\"li3\"><span class=\"s1\">Dare esecuzione presso Enti Pubblici o Privati agli adempimenti connessi o strumentali al servizio se previsti;<\/span><\/li><li class=\"li3\"><span class=\"s1\">Dare esecuzione di obblighi previsti da leggi, regolamenti o dalla normativa comunitaria, nonch\u00e9 per ottemperare a provvedimenti emanati da pubbliche Autorit\u00e0 a ci\u00f2 legittimate o da organi di vigilanza e di controllo a cui sono soggette le Societ\u00e0 (ad es. ad accertamenti di carattere tributario ecc.);<\/span><\/li><li class=\"li3\"><span class=\"s1\">Utilizzare i dati per finalit\u00e0 accessorie quali le \u201cNews Alert\u201d via email o via sms; <\/span><\/li><li class=\"li3\"><span class=\"s1\">Effettuare statistiche e ricerche di mercato al fine di comprendere meglio le esigenze degli utenti e per poter ottimizzare il servizio offerto. In tal caso i dati saranno utilizzati in forma anonima.<\/span><\/li><\/ul><p class=\"p3\"><span class=\"s1\">L\u2019interessato pu\u00f2 rifiutarsi di conferire alle Societ\u00e0 i suoi dati personali. Il conferimento dei dati personali \u00e8 per\u00f2 necessario per una corretta ed efficiente gestione del rapporto contrattuale verso fornitori, clienti, partner e di altri soggetti coinvolti nelle attivit\u00e0 delle Societ\u00e0. Pertanto, un eventuale rifiuto al conferimento potr\u00e0 compromettere in tutto o in parte il rapporto contrattuale stesso o le attivit\u00e0 pre e post contrattuali.<\/span><\/p><p class=\"p3\"><span class=\"s1\"><b>3.Base giuridica:<\/b><\/span><\/p><p class=\"p3\"><span class=\"s1\">I dati saranno comunicati ai dipendenti\/collaboratori delle Societ\u00e0 che contatto con l\u2019interessato per permettere l\u2019esecuzione del contratto o di misure precontrattuali o post contrattuali adottate su richiesta del fornitore, del cliente, del partner, di altri soggetti o delle Societ\u00e0 ai sensi dell\u2019art. 6.1, lett. b) del GDPR, ovvero per l\u2019adempimento di un obbligo legale ai sensi dell\u2019art. 6.1, lett. c) del GDPR,<span class=\"Apple-converted-space\">\u00a0 <\/span>nonch\u00e9 per permettere tutti i relativi adempimenti fiscali e contabili. I dati saranno inoltre comunicati ai gestori dei portali utilizzati dalle Societ\u00e0 al fine di promuovere le attivit\u00e0 di ricerca.<\/span><\/p><p class=\"p3\"><b>4.Come trattiamo i dati:<\/b><\/p><p class=\"p3\"><span class=\"s1\">I dati degli interessati verranno trattati nel rispetto dei principi di liceit\u00e0 correttezza e trasparenza, utilizzando strumenti manuali o automatizzati anche mediante l\u2019inserimento in banche dati, elenchi e liste idonei alla memorizzazione, gestione e trasmissione dei dati, nei modi e nei limiti necessari al perseguimento delle predette finalit\u00e0.<\/span><\/p><p class=\"p3\"><span class=\"s1\">Le Societ\u00e0 hanno previsto adeguate misure di sicurezza al fine di tutelare i dati delle <\/span><span class=\"s5\">persone fisiche<\/span><span class=\"s1\"> che operano in nome e per conto dei fornitori, dei clienti, dei partner e di altri soggetti, come: firewall, antivirus,<\/span><span class=\"s9\"> password di elevata complessit\u00e0 con cambio periodico<\/span><span class=\"s1\">. <\/span><\/p><p class=\"p3\"><span class=\"s1\">I dati personali oggetto di trattamento saranno custoditi in modo da ridurre al minimo, mediante l\u2019adozione di adeguate misure tecniche ed organizzative, nonch\u00e8 idonee e preventive misure di sicurezza, i rischi di distruzione o perdita, anche accidentale, dei dati stessi, di accesso non autorizzato o di trattamento non consentito o non conforme alle finalit\u00e0 della raccolta precedentemente illustrate.<\/span><\/p><p class=\"p3\"><span class=\"s1\">I dati saranno trattati esclusivamente da persone autorizzate al trattamento all\u2019interno delle Societ\u00e0, in relazione alla finalit\u00e0 del trattamento.<\/span><\/p><p class=\"p3\"><b>5.Perch\u00e9 la natura del conferimento dei dati \u00e8 obbligatoria:<\/b><\/p><p class=\"p3\"><span class=\"s1\">Il conferimento di tali dati \u00e8 obbligatorio per poter usufruire dei servizi offerti dalle Societ\u00e0. Nel caso in cui non venga fornito il consenso al trattamento dei dati non sar\u00e0 possibile per le Societ\u00e0 provvedere all\u2019attivazione dei servizi.<\/span><\/p><p class=\"p3\"><span class=\"s1\">Il conferimento dei dati sopra indicati \u00e8 inoltre obbligatorio per ricevere newsletter (per la quale viene richiesta una specifica autorizzazione) per aggiornamenti su eventuali nuovi servizi\u00a0(selezione, formazione, orientamento)\u00a0forniti dalle Societ\u00e0 o per informazione di eventi e notizie in merito alle nostre attivit\u00e0: attraverso la newsletter <i>ACTL Sportello Stage, Recruit e Job Farm<\/i> potranno pertanto essere inviati all\u2019interessato materiale informativo e\/o promozionale, nonch\u00e9 inviti ad eventi formativi e informativi, quali convegni, presentazioni, corsi di aggiornamento, seminari etc.<\/span><\/p><p class=\"p3\"><b>6.Quali sono le categorie dei soggetti ai quali i dati possono essere comunicati:<\/b><\/p><p class=\"p3\"><span class=\"s1\">I dati personali trattati dalle Societ\u00e0, i dati relativi a stage o posizioni di lavoro potranno essere diffusi tramite internet (portali di <i>recruiting<\/i> on line) al fine di promuovere la ricerca dei profili richiesti.<\/span><\/p><p class=\"p3\"><span class=\"s1\">Potranno, poi, essere comunicati ai lavoratori delle Societ\u00e0 e ad alcuni soggetti esterni che con essi collaborano, sempre nel rispetto delle finalit\u00e0 indicate di cui al punto 2. In particolare, si tratta di dipendenti\/collaboratori che, sulla base dei ruoli e delle mansioni lavorative espletate, sono stati legittimati a trattare i dati personali, formati a farlo nei limiti delle loro competenze ed in conformit\u00e0 alle istruzioni ad essi impartite dal Titolare. Potranno, inoltre, essere comunicati, nei limiti strettamente necessari, ai soggetti che per finalit\u00e0 di emissione dei nostri ordini o richieste di informazioni e preventivi o formulazioni di offerte, nostre prestazioni, debbano fornire\/consegnare beni e\/o eseguire\/ricevere su nostro incarico o su incarico dell\u2019interessato prestazioni o servizi. Ai dati potrebbero accedere (per finalit\u00e0 di assistenza sugli applicativi software, sulle reti informatiche e per la connettivit\u00e0) nostri tecnici incaricati o consulenti esterni o incaricati di societ\u00e0 che forniscono tali servizi; soggetti che esercitano attivit\u00e0 di controllo sull\u2019operato delle Societ\u00e0 (a titolo di esempio: Revisori dei conti, Organismo di Vigilanza, personale degli enti di certificazione ecc). <\/span><\/p><p class=\"p3\"><span class=\"s1\">Infine, potranno essere comunicati ai soggetti legittimati ad accedervi in forza di disposizioni di legge, regolamenti, normative comunitarie. L\u2019elenco aggiornato dei responsabili del trattamento, ove richiesto, \u00e8 disponibile presso le sedi delle Societ\u00e0 sopra indicate.<\/span><\/p><p class=\"p3\"><span class=\"s1\">Le Societ\u00e0, tramite i siti <a href=\"http:\/\/www.actl.it\/\"><span class=\"s4\">www.actl.it<\/span><\/a><\/span><span class=\"s3\">, <a href=\"http:\/\/www.sportellostage.it\/\"><span class=\"s4\">www.sportellostage.it<\/span><\/a>\u00a0,\u00a0<a href=\"http:\/\/www.recru.it\/\"><span class=\"s4\">www.recru.it<\/span><\/a> e <a href=\"http:\/\/www.jobfarm.it\/\"><span class=\"s4\">www.jobfarm.it<\/span><\/a><\/span><span class=\"s1\">, potranno rendere noti a terzi i dati personali raccolti solo per le finalit\u00e0 strettamente connesse ai servizi forniti.<\/span><\/p><p class=\"p3\"><span class=\"s1\">I dati forniti potranno essere pertanto comunicati a:<\/span><\/p><ol class=\"ul1\"><li class=\"li3\"><span class=\"s1\">Professionisti, societ\u00e0 o studi professionali che, per conto delle Societ\u00e0, svolgano attivit\u00e0 di consulenza, assistenza, gestione contabile e fiscale<\/span><\/li><li class=\"li3\"><span class=\"s1\">Societ\u00e0 terze per l\u2019adempimento di obblighi contrattuali<\/span><\/li><li class=\"li3\"><span class=\"s1\">Istituti bancari per la gestione di pagamenti derivanti dall\u2019esecuzione del contratto<\/span><\/li><li class=\"li3\"><span class=\"s1\">Altri portali di recruiting on line con i quali le Societ\u00e0 hanno collaborazioni attive al fine di promuovere la ricerca delle posizioni richieste<\/span><\/li><li class=\"li3\"><span class=\"s1\">Societ\u00e0 che svolgono attivit\u00e0 di trasmissione, imbustamento, trasporto, smistamento e consegna delle comunicazioni e della corrispondenza per conto terzi.<\/span><\/li><\/ol><p><span class=\"s1\"><b>7.Trasferimento dei dati\u00a0all\u2019estero:<\/b><\/span><\/p><p class=\"p3\"><span class=\"s1\">Anche se al momento tutti i soggetti che trattano i dati per conto delle Societ\u00e0 come responsabili esterni del trattamento sono stabiliti all\u2019interno dell\u2019Unione Europea, nel futuro potrebbe essere necessario conferire tali dati anche a soggetti che possono essere stabiliti fuori dell\u2019Unione Europea, in Paesi che non garantiscono ai dati personali un livello di protezione adeguato ai sensi<span class=\"Apple-converted-space\">\u00a0 <\/span>del Regolamento Europeo per la Protezione dei dati RE. EU 679\/2016. Le Societ\u00e0 trasferiranno, eventualmente, i dati fuori dell\u2019Unione Europea solo previa adozione delle precauzioni stabilite dal Regolamento Europeo e dopo aver ottenuto dai soggetti indicati le necessarie garanzie e con il consenso degli interessati.<\/span><\/p><p><b><\/b><span class=\"s1\"><b>8.Per quanto tempo conserviamo i dati:<\/b><\/span><\/p><p class=\"p3\"><span class=\"s1\">Le Societ\u00e0 conservano e trattano i dati personali per il tempo necessario ad adempiere alle finalit\u00e0 indicate. Successivamente, i dati personali saranno conservati, e non ulteriormente trattati, secondo quanto viene documentato nel Registro di trattamento. Il periodo di conservazione pu\u00f2 variare in modo significativo in base a: le finalit\u00e0, il tipo di dato trattato, gli obblighi di legge. <\/span><\/p><p class=\"p3\"><span class=\"s1\">Nel caso in cui i dati fossero trattati nell\u2019ambito di un progetto finanziato da soggetti istituzionali, i tempi di conservazione potrebbero essere subordinati a quanto previsto dal bando dell\u2019Ente. <\/span><\/p><p class=\"p3\"><span class=\"s1\">Quando non \u00e8 pi\u00f9 necessario conservare i dati personali questi verranno cancellati o deindicizzati o distrutti in modo sicuro in conformit\u00e0 alla nostra privacy policy<\/span><span class=\"s10\">.<\/span><\/p><p class=\"p3\"><span class=\"s1\"><b>9.Quali sono i diritti esercitabili:<\/b><\/span><\/p><p class=\"p3\"><span class=\"s1\">Ai sensi degli articoli, dal 15 al 22, del Regolamento Europeo per la Protezione dei dati RE. EU 679\/2016, l\u2019Interessato ha diritto e pu\u00f2 esercitare i seguenti diritti:<\/span><\/p><table class=\"t1\" cellspacing=\"0\" cellpadding=\"0\"><tbody><tr><td class=\"td1\" valign=\"top\"><p class=\"p8\"><span class=\"s1\"><b>DIRITTI<\/b><\/span><\/p><\/td><\/tr><tr><td class=\"td2\" valign=\"top\"><p class=\"p3\"><span class=\"s1\">a) Chiedere la conferma dell\u2019esistenza o meno di propri dati personali che lo riguardano, anche se non ancora registrati, e la loro comunicazione in forma intelligibile<\/span><\/p><\/td><\/tr><tr><td class=\"td3\" valign=\"top\"><p class=\"p3\"><span class=\"s1\">b) Ottenere le indicazioni circa le finalit\u00e0 del trattamento, le categorie dei dati personali, i destinatari o le categorie di destinatari a cui i dati personali sono stati o saranno comunicati e, quando possibile, il periodo di conservazione;<\/span><\/p><\/td><\/tr><tr><td class=\"td4\" valign=\"top\"><p class=\"p3\"><span class=\"s1\">c) Ottenere la rettifica e la cancellazione dei dati;<\/span><\/p><\/td><\/tr><tr><td class=\"td4\" valign=\"top\"><p class=\"p3\"><span class=\"s1\">d) Ottenere la limitazione del trattamento;<\/span><\/p><\/td><\/tr><tr><td class=\"td3\" valign=\"top\"><p class=\"p3\"><span class=\"s1\">e) Ottenere la portabilit\u00e0 dei dati, ossia riceverli da un titolare del trattamento, in un formato strutturato, di uso comune e leggibile da dispositivo automatico, e trasmetterli ad un altro titolare del trattamento senza impedimenti;<\/span><\/p><\/td><\/tr><tr><td class=\"td2\" valign=\"top\"><p class=\"p3\"><span class=\"s1\">f) Opporsi al trattamento in qualsiasi momento ed anche nel caso di trattamento per finalit\u00e0 di marketing diretto;<\/span><\/p><\/td><\/tr><tr><td class=\"td2\" valign=\"top\"><p class=\"p3\"><span class=\"s1\">g) Opporsi ad un processo decisionale automatizzato relativo alle persone \ufb01siche, compresa la profilazione.<\/span><\/p><\/td><\/tr><tr><td class=\"td3\" valign=\"top\"><p class=\"p3\"><span class=\"s1\">h) Chiedere al titolare del trattamento l\u2019accesso ai dati personali e la rettifica o la cancellazione degli stessi o la limitazione del trattamento che lo riguardano o di opporsi al loro trattamento, oltre al diritto alla portabilit\u00e0 dei dati;<\/span><\/p><\/td><\/tr><tr><td class=\"td2\" valign=\"top\"><p class=\"p3\"><span class=\"s1\">i) Revocare il consenso in qualsiasi momento senza pregiudicare la liceit\u00e0 del trattamento basata sul consenso prestato prima della revoca.<\/span><\/p><\/td><\/tr><\/tbody><\/table><p class=\"p3\"><span class=\"s1\">Gli stessi, ove da lei esercitabili potranno essere fatti valere scrivendo a: <a href=\"mailto:info@sportellostage.it\"><span class=\"s6\">info@sportellostage.it<\/span><\/a> \/ <a href=\"mailto:info@recru.it\"><span class=\"s6\">info@recru.it<\/span><\/a><span class=\"Apple-converted-space\">\u00a0 <\/span>specificando l\u2019oggetto della richiesta, il diritto che l\u2019interessato intende esercitare e allegando fotocopia di un documento di identit\u00e0 che attesti la legittimit\u00e0 della richiesta.<\/span><\/p><p class=\"p3\"><span class=\"s1\"><b>10.Proposizione di reclamo:<\/b><\/span><\/p><p class=\"p3\"><span class=\"s1\">L\u2019interessato ha il diritto di proporre reclamo all\u2019autorit\u00e0 di controllo dello Stato di residenza. Per avere maggiori informazioni sul diritto di proporre reclamo si pu\u00f2 visitare la seguente pagina web: <a href=\"http:\/\/www.garanteprivacy.it\/\"><span class=\"s6\">www.garanteprivacy.it<\/span><\/a><\/span><\/p><p class=\"p3\"><span class=\"s1\"><b>11.Responsabile della protezione dei dati:<\/b><\/span><\/p><p class=\"p3\"><span class=\"s1\">Ritenendo di primaria importanza la tutela dei dati personali degli interessati, le societ\u00e0 hanno nominato un responsabile della protezione dei dati (DPO) che potr\u00e0 essere contattato scrivendo all\u2019indirizzo mail <a href=\"mailto:dpo@actl.it\"><span class=\"s6\">dpo@actl.it<\/span><\/a> \/ dpo@recru.it per ogni tematica riguardante la protezione dei dati personali.<\/span><\/p><\/div><\/div>\t\t\t\t\t\t\t\t<\/div>\n\t\t\t\t<\/div>\n\t\t\t\t\t<\/div>\n\t\t<\/div>\n\t\t\t\t\t<\/div>\n\t\t<\/section>\n\t\t\t\t<\/div>\n\t\t","protected":false},"excerpt":{"rendered":"<p>Informativa ex art. 13 del Regolamento europeo n. 16\/679 ACTL e Recruit Srl (di seguito le Societ\u00e0), in qualit\u00e0 di Contitolari del trattamento dei dati personali, con sede in Via Duccio Di Boninsegna, 21 Milano, e Via Alvise Cadamosto 7, Milano, tramite i siti\u00a0www.actl.it, www.sportellostage.it\u00a0,\u00a0www.recru.it e www.jobfarm.it, hanno come obiettivo la tutela della privacy dei [&hellip;]<\/p>\n","protected":false},"author":1,"featured_media":0,"parent":0,"menu_order":0,"comment_status":"closed","ping_status":"closed","template":"elementor_header_footer","meta":{"footnotes":""},"class_list":["post-4457","page","type-page","status-publish","hentry"],"_links":{"self":[{"href":"https:\/\/news.jobfarm.it\/index.php\/wp-json\/wp\/v2\/pages\/4457","targetHints":{"allow":["GET"]}}],"collection":[{"href":"https:\/\/news.jobfarm.it\/index.php\/wp-json\/wp\/v2\/pages"}],"about":[{"href":"https:\/\/news.jobfarm.it\/index.php\/wp-json\/wp\/v2\/types\/page"}],"author":[{"embeddable":true,"href":"https:\/\/news.jobfarm.it\/index.php\/wp-json\/wp\/v2\/users\/1"}],"replies":[{"embeddable":true,"href":"https:\/\/news.jobfarm.it\/index.php\/wp-json\/wp\/v2\/comments?post=4457"}],"version-history":[{"count":4,"href":"https:\/\/news.jobfarm.it\/index.php\/wp-json\/wp\/v2\/pages\/4457\/revisions"}],"predecessor-version":[{"id":4476,"href":"https:\/\/news.jobfarm.it\/index.php\/wp-json\/wp\/v2\/pages\/4457\/revisions\/4476"}],"wp:attachment":[{"href":"https:\/\/news.jobfarm.it\/index.php\/wp-json\/wp\/v2\/media?parent=4457"}],"curies":[{"name":"wp","href":"https:\/\/api.w.org\/{rel}","templated":true}]}}